{"id":43,"date":"2011-03-27T14:06:06","date_gmt":"2011-03-27T14:06:06","guid":{"rendered":"http:\/\/www.kleinteile.at\/de\/?page_id=43"},"modified":"2020-05-07T11:21:40","modified_gmt":"2020-05-07T11:21:40","slug":"der-laden-k","status":"publish","type":"page","link":"https:\/\/www.kleinteile.at\/de\/sachen\/der-laden-k\/","title":{"rendered":"Der Laden K"},"content":{"rendered":"<p>Der Laden, der kein Laden ist. Manchmal aber doch. Dann mutiert das kleine cham\u00e4loide Gesch\u00e4ft f\u00fcr einen Tag zur Verkaufsstelle von amerikanischen Armbanduhren, alten Alfas oder anderen Objekten der Sehnsucht.<\/p>\n\n<div class=\"ngg-galleryoverview\" id=\"ngg-gallery-4935f1c5537ae1c24910e6cebc8f9558-43\">\n\t\n\t<!-- Thumbnails -->\n\t\t\n\t<div id=\"ngg-image-102\" class=\"ngg-gallery-thumbnail-box\"  >\n\t\t<div class=\"ngg-gallery-thumbnail\" >\n\t\t\t<a href=\"https:\/\/www.kleinteile.at\/de\/wp-content\/blogs.dir\/1\/files\/der-laden-k\/der-laden-k-klein-k.jpg\" title=\" \" class=\"ngg-simplelightbox\" rel=\"4935f1c5537ae1c24910e6cebc8f9558\" data-image-id=\"102\" data-src=\"https:\/\/www.kleinteile.at\/de\/wp-content\/blogs.dir\/1\/files\/der-laden-k\/der-laden-k-klein-k.jpg\" data-thumbnail=\"https:\/\/www.kleinteile.at\/de\/wp-content\/blogs.dir\/1\/files\/der-laden-k\/thumbs\/thumbs_der-laden-k-klein-k.jpg\" data-title=\"Der-Laden-K Rudi Klein\" data-description=\" \" >\n\t\t\t\t\t\t\t\t<img title=\"Der-Laden-K Rudi Klein\" alt=\"Der-Laden-K Rudi Klein\" src=\"https:\/\/www.kleinteile.at\/de\/wp-content\/blogs.dir\/1\/files\/der-laden-k\/thumbs\/thumbs_der-laden-k-klein-k.jpg\" width='170' height='128' \/>\n\t\t\t\t\t\t\t<\/a>\n            <p> <\/p>\t\n         <\/div>\n\t<\/div>\n\t\n\t\t\n \t\t\n\t<div id=\"ngg-image-104\" class=\"ngg-gallery-thumbnail-box\"  >\n\t\t<div class=\"ngg-gallery-thumbnail\" >\n\t\t\t<a href=\"https:\/\/www.kleinteile.at\/de\/wp-content\/blogs.dir\/1\/files\/der-laden-k\/der-laden-k-klein1.jpg\" title=\" \" class=\"ngg-simplelightbox\" rel=\"4935f1c5537ae1c24910e6cebc8f9558\" data-image-id=\"104\" data-src=\"https:\/\/www.kleinteile.at\/de\/wp-content\/blogs.dir\/1\/files\/der-laden-k\/der-laden-k-klein1.jpg\" data-thumbnail=\"https:\/\/www.kleinteile.at\/de\/wp-content\/blogs.dir\/1\/files\/der-laden-k\/thumbs\/thumbs_der-laden-k-klein1.jpg\" data-title=\"Der-Laden-K Rudi Klein aussen\" data-description=\" \" >\n\t\t\t\t\t\t\t\t<img title=\"Der-Laden-K Rudi Klein aussen\" alt=\"Der-Laden-K Rudi Klein aussen\" src=\"https:\/\/www.kleinteile.at\/de\/wp-content\/blogs.dir\/1\/files\/der-laden-k\/thumbs\/thumbs_der-laden-k-klein1.jpg\" width='170' height='128' \/>\n\t\t\t\t\t\t\t<\/a>\n            <p> <\/p>\t\n         <\/div>\n\t<\/div>\n\t\n\t\t\n \t\t\n\t<div id=\"ngg-image-103\" class=\"ngg-gallery-thumbnail-box\"  >\n\t\t<div class=\"ngg-gallery-thumbnail\" >\n\t\t\t<a href=\"https:\/\/www.kleinteile.at\/de\/wp-content\/blogs.dir\/1\/files\/der-laden-k\/der-laden-k-klein-quer1.jpg\" title=\" \" class=\"ngg-simplelightbox\" rel=\"4935f1c5537ae1c24910e6cebc8f9558\" data-image-id=\"103\" data-src=\"https:\/\/www.kleinteile.at\/de\/wp-content\/blogs.dir\/1\/files\/der-laden-k\/der-laden-k-klein-quer1.jpg\" data-thumbnail=\"https:\/\/www.kleinteile.at\/de\/wp-content\/blogs.dir\/1\/files\/der-laden-k\/thumbs\/thumbs_der-laden-k-klein-quer1.jpg\" data-title=\"Der-Laden-K Rudi Klein innen\" data-description=\" \" >\n\t\t\t\t\t\t\t\t<img title=\"Der-Laden-K Rudi Klein innen\" alt=\"Der-Laden-K Rudi Klein innen\" src=\"https:\/\/www.kleinteile.at\/de\/wp-content\/blogs.dir\/1\/files\/der-laden-k\/thumbs\/thumbs_der-laden-k-klein-quer1.jpg\" width='170' height='128' \/>\n\t\t\t\t\t\t\t<\/a>\n            <p> <\/p>\t\n         <\/div>\n\t<\/div>\n\t\n\t\t\n \t\t\n\t<div id=\"ngg-image-105\" class=\"ngg-gallery-thumbnail-box\"  >\n\t\t<div class=\"ngg-gallery-thumbnail\" >\n\t\t\t<a href=\"https:\/\/www.kleinteile.at\/de\/wp-content\/blogs.dir\/1\/files\/der-laden-k\/der-laden-k-klein-quer2.jpg\" title=\" \" class=\"ngg-simplelightbox\" rel=\"4935f1c5537ae1c24910e6cebc8f9558\" data-image-id=\"105\" data-src=\"https:\/\/www.kleinteile.at\/de\/wp-content\/blogs.dir\/1\/files\/der-laden-k\/der-laden-k-klein-quer2.jpg\" data-thumbnail=\"https:\/\/www.kleinteile.at\/de\/wp-content\/blogs.dir\/1\/files\/der-laden-k\/thumbs\/thumbs_der-laden-k-klein-quer2.jpg\" data-title=\"Der-Laden-K Rudi Klein, Seite\" data-description=\" \" >\n\t\t\t\t\t\t\t\t<img title=\"Der-Laden-K Rudi Klein, Seite\" alt=\"Der-Laden-K Rudi Klein, Seite\" src=\"https:\/\/www.kleinteile.at\/de\/wp-content\/blogs.dir\/1\/files\/der-laden-k\/thumbs\/thumbs_der-laden-k-klein-quer2.jpg\" width='170' height='128' \/>\n\t\t\t\t\t\t\t<\/a>\n            <p> <\/p>\t\n         <\/div>\n\t<\/div>\n\t\n\t\t\n \t\t\n\t<div id=\"ngg-image-101\" class=\"ngg-gallery-thumbnail-box\"  >\n\t\t<div class=\"ngg-gallery-thumbnail\" >\n\t\t\t<a href=\"https:\/\/www.kleinteile.at\/de\/wp-content\/blogs.dir\/1\/files\/der-laden-k\/der-laden-hoch-k2.jpg\" title=\" \" class=\"ngg-simplelightbox\" rel=\"4935f1c5537ae1c24910e6cebc8f9558\" data-image-id=\"101\" data-src=\"https:\/\/www.kleinteile.at\/de\/wp-content\/blogs.dir\/1\/files\/der-laden-k\/der-laden-hoch-k2.jpg\" data-thumbnail=\"https:\/\/www.kleinteile.at\/de\/wp-content\/blogs.dir\/1\/files\/der-laden-k\/thumbs\/thumbs_der-laden-hoch-k2.jpg\" data-title=\"Der-Laden-K Rudi Klein hoch\" data-description=\" \" >\n\t\t\t\t\t\t\t\t<img title=\"Der-Laden-K Rudi Klein hoch\" alt=\"Der-Laden-K Rudi Klein hoch\" src=\"https:\/\/www.kleinteile.at\/de\/wp-content\/blogs.dir\/1\/files\/der-laden-k\/thumbs\/thumbs_der-laden-hoch-k2.jpg\" width='131' height='175' \/>\n\t\t\t\t\t\t\t<\/a>\n            <p> <\/p>\t\n         <\/div>\n\t<\/div>\n\t\n\t\t\n \t\t\n\t<div id=\"ngg-image-100\" class=\"ngg-gallery-thumbnail-box\"  >\n\t\t<div class=\"ngg-gallery-thumbnail\" >\n\t\t\t<a href=\"https:\/\/www.kleinteile.at\/de\/wp-content\/blogs.dir\/1\/files\/der-laden-k\/der-laden-hoch-k1.jpg\" title=\" \" class=\"ngg-simplelightbox\" rel=\"4935f1c5537ae1c24910e6cebc8f9558\" data-image-id=\"100\" data-src=\"https:\/\/www.kleinteile.at\/de\/wp-content\/blogs.dir\/1\/files\/der-laden-k\/der-laden-hoch-k1.jpg\" data-thumbnail=\"https:\/\/www.kleinteile.at\/de\/wp-content\/blogs.dir\/1\/files\/der-laden-k\/thumbs\/thumbs_der-laden-hoch-k1.jpg\" data-title=\"Der-Laden-K Rudi Klein Regal\" data-description=\" \" >\n\t\t\t\t\t\t\t\t<img title=\"Der-Laden-K Rudi Klein Regal\" alt=\"Der-Laden-K Rudi Klein Regal\" src=\"https:\/\/www.kleinteile.at\/de\/wp-content\/blogs.dir\/1\/files\/der-laden-k\/thumbs\/thumbs_der-laden-hoch-k1.jpg\" width='131' height='175' \/>\n\t\t\t\t\t\t\t<\/a>\n            <p> <\/p>\t\n         <\/div>\n\t<\/div>\n\t\n\t\t\n \t\t\n\t<div id=\"ngg-image-99\" class=\"ngg-gallery-thumbnail-box\"  >\n\t\t<div class=\"ngg-gallery-thumbnail\" >\n\t\t\t<a href=\"https:\/\/www.kleinteile.at\/de\/wp-content\/blogs.dir\/1\/files\/der-laden-k\/der-laden-hoch-k01.jpg\" title=\" \" class=\"ngg-simplelightbox\" rel=\"4935f1c5537ae1c24910e6cebc8f9558\" data-image-id=\"99\" data-src=\"https:\/\/www.kleinteile.at\/de\/wp-content\/blogs.dir\/1\/files\/der-laden-k\/der-laden-hoch-k01.jpg\" data-thumbnail=\"https:\/\/www.kleinteile.at\/de\/wp-content\/blogs.dir\/1\/files\/der-laden-k\/thumbs\/thumbs_der-laden-hoch-k01.jpg\" data-title=\"Der-Laden-K Rudi Klein\" data-description=\" \" >\n\t\t\t\t\t\t\t\t<img title=\"Der-Laden-K Rudi Klein\" alt=\"Der-Laden-K Rudi Klein\" src=\"https:\/\/www.kleinteile.at\/de\/wp-content\/blogs.dir\/1\/files\/der-laden-k\/thumbs\/thumbs_der-laden-hoch-k01.jpg\" width='131' height='175' \/>\n\t\t\t\t\t\t\t<\/a>\n            <p> <\/p>\t\n         <\/div>\n\t<\/div>\n\t\n\t\t\n \t \t\n\t<!-- Pagination -->\n \t<div class='ngg-clear'><\/div> \t\n<\/div>\n\n\n<p><a title=\"Impressum\" href=\"https:\/\/www.kleinteile.at\/de\/?page_id=14\">Lage und Anreise<\/a><\/p>\n<p>&nbsp;<\/p>\n<p>&nbsp;<\/p>\n","protected":false},"excerpt":{"rendered":"<p>Der Laden, der kein Laden ist. Manchmal aber doch. Dann mutiert das kleine cham\u00e4loide Gesch\u00e4ft f\u00fcr einen Tag zur Verkaufsstelle von amerikanischen Armbanduhren, alten Alfas oder anderen Objekten der Sehnsucht. Lage und Anreise &nbsp; &nbsp;<\/p>\n","protected":false},"author":1,"featured_media":0,"parent":10,"menu_order":0,"comment_status":"closed","ping_status":"open","template":"","meta":{"ngg_post_thumbnail":0},"_links":{"self":[{"href":"https:\/\/www.kleinteile.at\/de\/wp-json\/wp\/v2\/pages\/43"}],"collection":[{"href":"https:\/\/www.kleinteile.at\/de\/wp-json\/wp\/v2\/pages"}],"about":[{"href":"https:\/\/www.kleinteile.at\/de\/wp-json\/wp\/v2\/types\/page"}],"author":[{"embeddable":true,"href":"https:\/\/www.kleinteile.at\/de\/wp-json\/wp\/v2\/users\/1"}],"replies":[{"embeddable":true,"href":"https:\/\/www.kleinteile.at\/de\/wp-json\/wp\/v2\/comments?post=43"}],"version-history":[{"count":10,"href":"https:\/\/www.kleinteile.at\/de\/wp-json\/wp\/v2\/pages\/43\/revisions"}],"predecessor-version":[{"id":297,"href":"https:\/\/www.kleinteile.at\/de\/wp-json\/wp\/v2\/pages\/43\/revisions\/297"}],"up":[{"embeddable":true,"href":"https:\/\/www.kleinteile.at\/de\/wp-json\/wp\/v2\/pages\/10"}],"wp:attachment":[{"href":"https:\/\/www.kleinteile.at\/de\/wp-json\/wp\/v2\/media?parent=43"}],"curies":[{"name":"wp","href":"https:\/\/api.w.org\/{rel}","templated":true}]}}